{"id":872,"date":"2024-11-22T13:44:54","date_gmt":"2024-11-22T13:44:54","guid":{"rendered":"https:\/\/laughing-galileo.188-40-97-181.plesk.page\/?page_id=872"},"modified":"2026-01-18T23:47:42","modified_gmt":"2026-01-18T23:47:42","slug":"upload-centre","status":"publish","type":"page","link":"https:\/\/pferdeklinik-bargteheide.de\/en\/upload-centre\/","title":{"rendered":"Upload center"},"content":{"rendered":"<div data-elementor-type=\"wp-page\" data-elementor-id=\"872\" class=\"elementor elementor-872\" data-elementor-post-type=\"page\">\n\t\t\t\t<div class=\"elementor-element elementor-element-158f8242 e-con-full e-flex e-con e-parent\" data-id=\"158f8242\" data-element_type=\"container\" data-settings=\"{&quot;background_background&quot;:&quot;classic&quot;}\">\n\t\t<div class=\"elementor-element elementor-element-66f2ec6 e-flex e-con-boxed e-con e-child\" data-id=\"66f2ec6\" data-element_type=\"container\" data-settings=\"{&quot;background_background&quot;:&quot;gradient&quot;}\">\n\t\t\t\t\t<div class=\"e-con-inner\">\n\t\t\t\t<div class=\"elementor-element elementor-element-40e4898 elementor-widget elementor-widget-heading\" data-id=\"40e4898\" data-element_type=\"widget\" data-widget_type=\"heading.default\">\n\t\t\t\t<div class=\"elementor-widget-container\">\n\t\t\t\t\t<h2 class=\"elementor-heading-title elementor-size-default\">Upload center<\/h2>\t\t\t\t<\/div>\n\t\t\t\t<\/div>\n\t\t\t\t\t<\/div>\n\t\t\t\t<\/div>\n\t\t\t\t<\/div>\n\t\t<div class=\"elementor-element elementor-element-29c9cedf e-flex e-con-boxed e-con e-parent\" data-id=\"29c9cedf\" data-element_type=\"container\" data-settings=\"{&quot;background_background&quot;:&quot;classic&quot;}\">\n\t\t\t\t\t<div class=\"e-con-inner\">\n\t\t\t\t<div class=\"elementor-element elementor-element-37f1a98 elementor-widget elementor-widget-text-editor\" data-id=\"37f1a98\" data-element_type=\"widget\" data-widget_type=\"text-editor.default\">\n\t\t\t\t<div class=\"elementor-widget-container\">\n\t\t\t\t\t\t\t\t\t<p>Simply send us your files<\/p>\t\t\t\t\t\t\t\t<\/div>\n\t\t\t\t<\/div>\n\t\t\t\t<div class=\"elementor-element elementor-element-b54ad62 elementor-widget-divider--view-line elementor-widget elementor-widget-divider\" data-id=\"b54ad62\" data-element_type=\"widget\" data-widget_type=\"divider.default\">\n\t\t\t\t<div class=\"elementor-widget-container\">\n\t\t\t\t\t\t\t<div class=\"elementor-divider\">\n\t\t\t<span class=\"elementor-divider-separator\">\n\t\t\t\t\t\t<\/span>\n\t\t<\/div>\n\t\t\t\t\t\t<\/div>\n\t\t\t\t<\/div>\n\t\t\t\t<div class=\"elementor-element elementor-element-61cb369 elementor-widget elementor-widget-text-editor\" data-id=\"61cb369\" data-element_type=\"widget\" data-widget_type=\"text-editor.default\">\n\t\t\t\t<div class=\"elementor-widget-container\">\n\t\t\t\t\t\t\t\t\t<p>On this page you can easily upload your files such as x-rays, findings and more. This allows you to send us secure and encrypted data directly on our website.<\/p>\n<p>Please also enter your name, an e-mail address and a telephone number so that we can allocate your files.<\/p>\t\t\t\t\t\t\t\t<\/div>\n\t\t\t\t<\/div>\n\t\t\t\t\t<\/div>\n\t\t\t\t<\/div>\n\t\t<div class=\"elementor-element elementor-element-cb3b5a7 e-flex e-con-boxed e-con e-parent\" data-id=\"cb3b5a7\" data-element_type=\"container\" data-settings=\"{&quot;background_background&quot;:&quot;classic&quot;}\">\n\t\t\t\t\t<div class=\"e-con-inner\">\n\t\t\t\t<div class=\"elementor-element elementor-element-142086b elementor-widget elementor-widget-text-editor\" data-id=\"142086b\" data-element_type=\"widget\" data-widget_type=\"text-editor.default\">\n\t\t\t\t<div class=\"elementor-widget-container\">\n\t\t\t\t\t\t\t\t\t<p>Submit files now<\/p>\t\t\t\t\t\t\t\t<\/div>\n\t\t\t\t<\/div>\n\t\t\t\t<div class=\"elementor-element elementor-element-81f05ab elementor-widget elementor-widget-wpforms\" data-id=\"81f05ab\" data-element_type=\"widget\" data-widget_type=\"wpforms.default\">\n\t\t\t\t<div class=\"elementor-widget-container\">\n\t\t\t\t\t<style id=\"wpforms-css-vars-elementor-widget-81f05ab\">\n\t\t\t\t.elementor-widget-wpforms.elementor-element-81f05ab {\n\t\t\t\t--wpforms-field-background-color: #FFFFFF;\n--wpforms-field-border-color: #00000000;\n--wpforms-field-border-color-spare: #00000000;\n--wpforms-label-color: #384552;\n--wpforms-label-sublabel-color: #384552;\n--wpforms-button-border-radius: 1px;\n--wpforms-button-background-color: #7AA8CD;\n--wpforms-field-border-radius: 1px;\n--wpforms-container-border-radius: 1px;\n--wpforms-label-size-font-size: 14px;\n--wpforms-label-size-line-height: 17px;\n--wpforms-label-size-sublabel-font-size: 13px;\n--wpforms-label-size-sublabel-line-height: 16px;\n\t\t\t}\n\t\t\t<\/style><div class=\"wpforms-container wpforms-container-full wpforms-render-modern\" id=\"wpforms-878\"><form id=\"wpforms-form-878\" class=\"wpforms-validate wpforms-form wpforms-ajax-form\" data-formid=\"878\" method=\"post\" enctype=\"multipart\/form-data\" action=\"\/en\/wp-json\/wp\/v2\/pages\/872?wpforms_form_id=878\" data-token=\"2cd676b929acfc13f8bda11b816515fa\" data-token-time=\"1776577827\" data-trp-original-action=\"\/en\/wp-json\/wp\/v2\/pages\/872?wpforms_form_id=878\"><noscript class=\"wpforms-error-noscript\">Please enable JavaScript in your browser to complete this form.<\/noscript><div id=\"wpforms-error-noscript\" style=\"display: none;\">Please enable JavaScript in your browser to complete this form.<\/div><div class=\"wpforms-field-container\"><div id=\"wpforms-878-field_10-container\" class=\"wpforms-field wpforms-field-layout\" data-field-id=\"10\"><div class=\"wpforms-field-layout-rows wpforms-field-large\"><div class=\"wpforms-layout-row\"><div class=\"wpforms-layout-column wpforms-layout-column-50\"><div id=\"wpforms-878-field_0-container\" class=\"wpforms-field wpforms-field-name\" data-field-id=\"0\"><label class=\"wpforms-field-label\" for=\"wpforms-878-field_0\">Full name <span class=\"wpforms-required-label\" aria-hidden=\"true\">*<\/span><\/label><input type=\"text\" id=\"wpforms-878-field_0\" class=\"wpforms-field-large wpforms-field-required\" name=\"wpforms[fields][0]\" aria-errormessage=\"wpforms-878-field_0-error\" required><\/div><\/div><div class=\"wpforms-layout-column wpforms-layout-column-50\"><div id=\"wpforms-878-field_1-container\" class=\"wpforms-field wpforms-field-email\" data-field-id=\"1\"><label class=\"wpforms-field-label\" for=\"wpforms-878-field_1\">e-mail <span class=\"wpforms-required-label\" aria-hidden=\"true\">*<\/span><\/label><input type=\"email\" id=\"wpforms-878-field_1\" class=\"wpforms-field-large wpforms-field-required\" name=\"wpforms[fields][1]\" spellcheck=\"false\" aria-errormessage=\"wpforms-878-field_1-error\" required><\/div><\/div><\/div><div class=\"wpforms-layout-row\"><div class=\"wpforms-layout-column wpforms-layout-column-50\"><div id=\"wpforms-878-field_27-container\" class=\"wpforms-field wpforms-field-name\" data-field-id=\"27\"><label class=\"wpforms-field-label\" for=\"wpforms-878-field_27\">Patient name <span class=\"wpforms-required-label\" aria-hidden=\"true\">*<\/span><\/label><input type=\"text\" id=\"wpforms-878-field_27\" class=\"wpforms-field-large wpforms-field-required\" name=\"wpforms[fields][27]\" aria-errormessage=\"wpforms-878-field_27-error\" required><\/div><\/div><div class=\"wpforms-layout-column wpforms-layout-column-50\"><div id=\"wpforms-878-field_24-container\" class=\"wpforms-field wpforms-field-phone\" data-field-id=\"24\"><label class=\"wpforms-field-label\" for=\"wpforms-878-field_24\">Telephone <span class=\"wpforms-required-label\" aria-hidden=\"true\">*<\/span><\/label><input type=\"tel\" id=\"wpforms-878-field_24\" class=\"wpforms-field-medium wpforms-field-required wpforms-smart-phone-field\" data-rule-smart-phone-field=\"true\" name=\"wpforms[fields][24]\" aria-label=\"Telephone\" aria-errormessage=\"wpforms-878-field_24-error\" required><\/div><\/div><\/div><\/div><\/div>\t\t<div id=\"wpforms-878-field_2-container\"\n\t\t\tclass=\"wpforms-field wpforms-field-text\"\n\t\t\tdata-field-type=\"text\"\n\t\t\tdata-field-id=\"2\"\n\t\t\t>\n\t\t\t<label class=\"wpforms-field-label\" for=\"wpforms-878-field_2\" >Name Captcha Datei<\/label>\n\t\t\t<input type=\"text\" id=\"wpforms-878-field_2\" class=\"wpforms-field-medium\" name=\"wpforms[fields][2]\" >\n\t\t<\/div>\n\t\t<div id=\"wpforms-878-field_26-container\" class=\"wpforms-field wpforms-field-select wpforms-field-select-style-classic\" data-field-id=\"26\"><label class=\"wpforms-field-label\" for=\"wpforms-878-field_26\">What do you send files for? <span class=\"wpforms-required-label\" aria-hidden=\"true\">*<\/span><\/label><select id=\"wpforms-878-field_26\" class=\"wpforms-field-large wpforms-field-required\" name=\"wpforms[fields][26]\" required=\"required\"><option value=\"\" class=\"placeholder\" disabled selected='selected'>Please select an option<\/option><option value=\"Anstehender Termin\"  class=\"choice-1 depth-1\"  >Upcoming appointment<\/option><option value=\"Zweitmeinung\"  class=\"choice-2 depth-1\"  >Second opinion<\/option><option value=\"Sonstiges\"  class=\"choice-3 depth-1\"  >Miscellaneous<\/option><\/select><\/div><div id=\"wpforms-878-field_19-container\" class=\"wpforms-field wpforms-field-file-upload\" data-field-id=\"19\"><label class=\"wpforms-field-label\" for=\"wpforms-878-field_19\">Upload file <span class=\"wpforms-required-label\" aria-hidden=\"true\">*<\/span><\/label><div\n\t\tclass=\"wpforms-uploader wpforms-field-required\"\n\t\tdata-field-id=\"19\"\n\t\tdata-form-id=\"878\"\n\t\tdata-input-name=\"wpforms_878_19\"\n\t\tdata-extensions=\"pdf,jpg,jpeg,png,tiff,webp,avif,txt,docx,xlsx,rtf\"\n\t\tdata-max-size=\"536870912\"\n\t\tdata-max-file-number=\"5\"\n\t\tdata-post-max-size=\"536870912\"\n\t\tdata-max-parallel-uploads=\"4\"\n\t\tdata-parallel-uploads=\"true\"\n\t\tdata-file-chunk-size=\"2097152\">\n\t<div class=\"dz-message\">\n\t\t<svg  viewbox=\"0 0 640 640\" focusable=\"false\" data-icon=\"inbox\" width=\"50px\" height=\"50px\" fill=\"currentColor\" aria-hidden=\"true\">\n\t\t\t<path d=\"M352 173.3L352 384C352 401.7 337.7 416 320 416C302.3 416 288 401.7 288 384L288 173.3L246.6 214.7C234.1 227.2 213.8 227.2 201.3 214.7C188.8 202.2 188.8 181.9 201.3 169.4L297.3 73.4C309.8 60.9 330.1 60.9 342.6 73.4L438.6 169.4C451.1 181.9 451.1 202.2 438.6 214.7C426.1 227.2 405.8 227.2 393.3 214.7L352 173.3zM320 464C364.2 464 400 428.2 400 384L480 384C515.3 384 544 412.7 544 448L544 480C544 515.3 515.3 544 480 544L160 544C124.7 544 96 515.3 96 480L96 448C96 412.7 124.7 384 160 384L240 384C240 428.2 275.8 464 320 464zM464 488C477.3 488 488 477.3 488 464C488 450.7 477.3 440 464 440C450.7 440 440 450.7 440 464C440 477.3 450.7 488 464 488z\"\/>\n\t\t<\/svg>\n\n\t\t<span class=\"modern-title\">\n\t\t\t\t\t\t\tDrag &amp; Drop Files, \t\t\t\t<span>Choose Files to Upload<\/span>\n\t\t\t\t\t<\/span>\n\n\t\t\t\t\t<span class=\"modern-hint\">You can upload up to 5 files.<\/span>\n\t\t\t<\/div>\n<\/div>\n\n<input\n\t\ttype=\"text\"\n\t\tautocomplete=\"off\"\n\t\treadonly\n\t\tclass=\"dropzone-input\"\n\t\tstyle=\"position:absolute!important;clip:rect(0,0,0,0)!important;height:1px!important;width:1px!important;border:0!important;overflow:hidden!important;padding:0!important;margin:0!important;\"\n\t\tid=\"wpforms-878-field_19\"\n\t\tname=\"wpforms_878_19\" required\t\tvalue=\"\">\n<\/div><div id=\"wpforms-878-field_9-container\" class=\"wpforms-field wpforms-field-captcha\" data-field-id=\"9\"><label class=\"wpforms-field-label\" for=\"wpforms-878-field_9\">Customised captcha <span class=\"wpforms-required-label\" aria-hidden=\"true\">*<\/span><\/label>\t\t\t<div class=\"wpforms-captcha-math\">\n\t\t\t\t<span id=\"wpforms-878-field_9-question\" class=\"wpforms-captcha-equation\">\n\t\t\t\t\t<span class=\"n1\">1<\/span>\n\t\t\t\t\t\t\t<span class=\"cal\">*<\/span>\n\t\t\t\t\t\t\t<span class=\"n2\">7<\/span>\t\t\t\t\t<span class=\"e\">=<\/span>\n\t\t\t\t<\/span>\n\t\t\t\t<input type=\"text\" id=\"wpforms-878-field_9\" class=\"wpforms-field-large wpforms-field-required a\" data-rule-wpf-captcha=\"math\" data-is-wrapped-field=\"1\" name=\"wpforms[fields][9][a]\" aria-errormessage=\"wpforms-878-field_9-error\" aria-describedby=\"wpforms-878-field_9-question\" required>\t\t\t\t<input type=\"hidden\" name=\"wpforms[fields][9][cal]\" class=\"cal\">\n\t\t\t\t<input type=\"hidden\" name=\"wpforms[fields][9][n2]\" class=\"n2\">\n\t\t\t\t<input type=\"hidden\" name=\"wpforms[fields][9][n1]\" class=\"n1\">\n\t\t\t<\/div>\n\t\t\t<\/div><script>\n\t\t\t\t( function() {\n\t\t\t\t\tconst style = document.createElement( 'style' );\n\t\t\t\t\tstyle.appendChild( document.createTextNode( '#wpforms-878-field_2-container { position: absolute !important; overflow: hidden !important; display: inline !important; height: 1px !important; width: 1px !important; z-index: -1000 !important; padding: 0 !important; } #wpforms-878-field_2-container input { visibility: hidden; } #wpforms-conversational-form-page #wpforms-878-field_2-container label { counter-increment: none; }' ) );\n\t\t\t\t\tdocument.head.appendChild( style );\n\t\t\t\t\tdocument.currentScript?.remove();\n\t\t\t\t} )();\n\t\t\t<\/script><\/div><!-- .wpforms-field-container --><div class=\"wpforms-submit-container\" ><input type=\"hidden\" name=\"wpforms[id]\" value=\"878\"><input type=\"hidden\" name=\"page_title\" value=\"\"><input type=\"hidden\" name=\"page_url\" value=\"https:\/\/pferdeklinik-bargteheide.de\/en\/wp-json\/wp\/v2\/pages\/872\"><input type=\"hidden\" name=\"url_referer\" value=\"\"><button type=\"submit\" name=\"wpforms[submit]\" id=\"wpforms-submit-878\" class=\"wpforms-submit\" data-alt-text=\"\u00dcbermittelt...\" data-submit-text=\"Daten \u00fcbermitteln\" aria-live=\"assertive\" value=\"wpforms-submit\">Transfer data<\/button><img decoding=\"async\" src=\"https:\/\/pferdeklinik-bargteheide.de\/wp-content\/plugins\/wpforms\/assets\/images\/submit-spin.svg\" class=\"wpforms-submit-spinner\" style=\"display: none;\" width=\"26\" height=\"26\" alt=\"Loading\"><\/div><input type=\"hidden\" name=\"trp-form-language\" value=\"en\"\/><\/form><\/div>  <!-- .wpforms-container -->\t\t\t\t<\/div>\n\t\t\t\t<\/div>\n\t\t\t\t\t<\/div>\n\t\t\t\t<\/div>\n\t\t\t\t<\/div>","protected":false},"excerpt":{"rendered":"<p>Einfach Dateien an uns \u00fcbermitteln Auf dieser Seite k\u00f6nnen Sie ganz einfach Ihre Dateien wie R\u00f6ntgenaufnahmen, Befunde und mehr hochladen. So k\u00f6nnen Sie uns ohne Umwege direkt auf unserer Website sicher und verschl\u00fcsselt Daten zu kommen lassen. Bitte tragen Sie ebenfalls Ihren Namen, eine E-Mail und eine Telefonnummer ein, damit wir Ihre Dateien zuordnen k\u00f6nnen. [&hellip;]<\/p>","protected":false},"author":1,"featured_media":2382,"parent":0,"menu_order":0,"comment_status":"closed","ping_status":"closed","template":"elementor_header_footer","meta":{"_acf_changed":false,"footnotes":""},"class_list":["post-872","page","type-page","status-publish","has-post-thumbnail","hentry"],"acf":[],"_links":{"self":[{"href":"https:\/\/pferdeklinik-bargteheide.de\/en\/wp-json\/wp\/v2\/pages\/872","targetHints":{"allow":["GET"]}}],"collection":[{"href":"https:\/\/pferdeklinik-bargteheide.de\/en\/wp-json\/wp\/v2\/pages"}],"about":[{"href":"https:\/\/pferdeklinik-bargteheide.de\/en\/wp-json\/wp\/v2\/types\/page"}],"author":[{"embeddable":true,"href":"https:\/\/pferdeklinik-bargteheide.de\/en\/wp-json\/wp\/v2\/users\/1"}],"replies":[{"embeddable":true,"href":"https:\/\/pferdeklinik-bargteheide.de\/en\/wp-json\/wp\/v2\/comments?post=872"}],"version-history":[{"count":15,"href":"https:\/\/pferdeklinik-bargteheide.de\/en\/wp-json\/wp\/v2\/pages\/872\/revisions"}],"predecessor-version":[{"id":4574,"href":"https:\/\/pferdeklinik-bargteheide.de\/en\/wp-json\/wp\/v2\/pages\/872\/revisions\/4574"}],"wp:featuredmedia":[{"embeddable":true,"href":"https:\/\/pferdeklinik-bargteheide.de\/en\/wp-json\/wp\/v2\/media\/2382"}],"wp:attachment":[{"href":"https:\/\/pferdeklinik-bargteheide.de\/en\/wp-json\/wp\/v2\/media?parent=872"}],"curies":[{"name":"wp","href":"https:\/\/api.w.org\/{rel}","templated":true}]}}