{"id":897,"date":"2024-11-22T14:46:03","date_gmt":"2024-11-22T14:46:03","guid":{"rendered":"https:\/\/laughing-galileo.188-40-97-181.plesk.page\/?page_id=897"},"modified":"2026-01-19T14:51:32","modified_gmt":"2026-01-19T14:51:32","slug":"downloads","status":"publish","type":"page","link":"https:\/\/pferdeklinik-bargteheide.de\/en\/downloads\/","title":{"rendered":"Downloads"},"content":{"rendered":"<div data-elementor-type=\"wp-page\" data-elementor-id=\"897\" class=\"elementor elementor-897\" data-elementor-post-type=\"page\">\n\t\t\t\t<div class=\"elementor-element elementor-element-158f8242 e-con-full e-flex e-con e-parent\" data-id=\"158f8242\" data-element_type=\"container\" data-settings=\"{&quot;background_background&quot;:&quot;classic&quot;}\">\n\t\t<div class=\"elementor-element elementor-element-66f2ec6 e-flex e-con-boxed e-con e-child\" data-id=\"66f2ec6\" data-element_type=\"container\" data-settings=\"{&quot;background_background&quot;:&quot;gradient&quot;}\">\n\t\t\t\t\t<div class=\"e-con-inner\">\n\t\t\t\t<div class=\"elementor-element elementor-element-40e4898 elementor-widget elementor-widget-heading\" data-id=\"40e4898\" data-element_type=\"widget\" data-widget_type=\"heading.default\">\n\t\t\t\t<div class=\"elementor-widget-container\">\n\t\t\t\t\t<h2 class=\"elementor-heading-title elementor-size-default\">Downloads<\/h2>\t\t\t\t<\/div>\n\t\t\t\t<\/div>\n\t\t\t\t\t<\/div>\n\t\t\t\t<\/div>\n\t\t\t\t<\/div>\n\t\t<div class=\"elementor-element elementor-element-29c9cedf e-flex e-con-boxed e-con e-parent\" data-id=\"29c9cedf\" data-element_type=\"container\" data-settings=\"{&quot;background_background&quot;:&quot;classic&quot;}\">\n\t\t\t\t\t<div class=\"e-con-inner\">\n\t\t\t\t<div class=\"elementor-element elementor-element-37f1a98 elementor-widget elementor-widget-text-editor\" data-id=\"37f1a98\" data-element_type=\"widget\" data-widget_type=\"text-editor.default\">\n\t\t\t\t<div class=\"elementor-widget-container\">\n\t\t\t\t\t\t\t\t\t<p>We would like to give you the opportunity to read through the necessary forms for your appointment before your visit to the Bargteheide Equine Clinic. You can complete the forms in advance and fax them to us (04532 \/ 28 53 50), send them by e-mail to <a href=\"mailto:info@pferdeklinik-bargteheide.de\">info@pferdeklinik-bargteheide.de<\/a> and bring it with you to your appointment.<\/p><p><b>Please note that you must have your horse's passport with you every time you visit our equine clinic.<\/b><\/p>\t\t\t\t\t\t\t\t<\/div>\n\t\t\t\t<\/div>\n\t\t\t\t<div class=\"elementor-element elementor-element-b54ad62 elementor-widget-divider--view-line elementor-widget elementor-widget-divider\" data-id=\"b54ad62\" data-element_type=\"widget\" data-widget_type=\"divider.default\">\n\t\t\t\t<div class=\"elementor-widget-container\">\n\t\t\t\t\t\t\t<div class=\"elementor-divider\">\n\t\t\t<span class=\"elementor-divider-separator\">\n\t\t\t\t\t\t<\/span>\n\t\t<\/div>\n\t\t\t\t\t\t<\/div>\n\t\t\t\t<\/div>\n\t\t\t\t<div class=\"elementor-element elementor-element-8837a8a elementor-widget elementor-widget-heading\" data-id=\"8837a8a\" data-element_type=\"widget\" data-widget_type=\"heading.default\">\n\t\t\t\t<div class=\"elementor-widget-container\">\n\t\t\t\t\t<h2 class=\"elementor-heading-title elementor-size-default\">NEW - Simply check in via app!<\/h2>\t\t\t\t<\/div>\n\t\t\t\t<\/div>\n\t\t<div class=\"elementor-element elementor-element-8a04585 e-con-full e-flex e-con e-child\" data-id=\"8a04585\" data-element_type=\"container\">\n\t\t\t\t<div class=\"elementor-element elementor-element-13aa51d elementor-widget elementor-widget-image\" data-id=\"13aa51d\" data-element_type=\"widget\" data-no-translation=\"\" data-widget_type=\"image.default\">\n\t\t\t\t<div class=\"elementor-widget-container\">\n\t\t\t\t\t<style>.elementor-element-13aa51d{display:none !important}<\/style>\t\t\t\t<\/div>\n\t\t\t\t<\/div>\n\t\t\t\t<div class=\"elementor-element elementor-element-f39a9b7 elementor-widget elementor-widget-image\" data-id=\"f39a9b7\" data-element_type=\"widget\" data-no-translation=\"\" data-widget_type=\"image.default\">\n\t\t\t\t<div class=\"elementor-widget-container\">\n\t\t\t\t\t\t\t\t\t\t\t\t\t\t\t\t<a href=\"https:\/\/app.petsxl.com\/#\/signin\/online-check-in-start\/193935da-1c7e-4654-8336-9c1bb7019e8b\" target=\"_blank\" rel=\"noopener\">\n\t\t\t\t\t\t\t<img fetchpriority=\"high\" decoding=\"async\" width=\"800\" height=\"108\" src=\"https:\/\/pferdeklinik-bargteheide.de\/wp-content\/uploads\/PestXL-Button-EN-1024x138.webp\" class=\"attachment-large size-large wp-image-3437\" alt=\"\" srcset=\"https:\/\/pferdeklinik-bargteheide.de\/wp-content\/uploads\/PestXL-Button-EN-1024x138.webp 1024w, https:\/\/pferdeklinik-bargteheide.de\/wp-content\/uploads\/PestXL-Button-EN-300x41.webp 300w, https:\/\/pferdeklinik-bargteheide.de\/wp-content\/uploads\/PestXL-Button-EN-768x104.webp 768w, https:\/\/pferdeklinik-bargteheide.de\/wp-content\/uploads\/PestXL-Button-EN-18x2.webp 18w, https:\/\/pferdeklinik-bargteheide.de\/wp-content\/uploads\/PestXL-Button-EN.webp 1111w\" sizes=\"(max-width: 800px) 100vw, 800px\" \/>\t\t\t\t\t\t\t\t<\/a>\n\t\t\t\t\t\t\t\t\t\t\t\t\t\t\t<\/div>\n\t\t\t\t<\/div>\n\t\t\t\t<div class=\"elementor-element elementor-element-d3f49a5 elementor-widget-mobile__width-initial elementor-widget elementor-widget-image\" data-id=\"d3f49a5\" data-element_type=\"widget\" data-widget_type=\"image.default\">\n\t\t\t\t<div class=\"elementor-widget-container\">\n\t\t\t\t\t\t\t\t\t\t\t\t\t\t\t\t<a href=\"https:\/\/apps.apple.com\/de\/app\/petsxl-smarte-tiergesundheit\/id1324103877\" target=\"_blank\" rel=\"noopener\">\n\t\t\t\t\t\t\t<img decoding=\"async\" width=\"209\" height=\"70\" src=\"https:\/\/pferdeklinik-bargteheide.de\/wp-content\/uploads\/App-Store-Button.svg\" class=\"attachment-large size-large wp-image-3434\" alt=\"\" \/>\t\t\t\t\t\t\t\t<\/a>\n\t\t\t\t\t\t\t\t\t\t\t\t\t\t\t<\/div>\n\t\t\t\t<\/div>\n\t\t\t\t<div class=\"elementor-element elementor-element-ce34d46 elementor-widget-mobile__width-initial elementor-widget elementor-widget-image\" data-id=\"ce34d46\" data-element_type=\"widget\" data-widget_type=\"image.default\">\n\t\t\t\t<div class=\"elementor-widget-container\">\n\t\t\t\t\t\t\t\t\t\t\t\t\t\t\t\t<a href=\"https:\/\/play.google.com\/store\/apps\/details?id=com.vetz.petsxl.app&#038;pli=1\" target=\"_blank\" rel=\"noopener\">\n\t\t\t\t\t\t\t<img decoding=\"async\" width=\"238\" height=\"70\" src=\"https:\/\/pferdeklinik-bargteheide.de\/wp-content\/uploads\/Play-Store-Button.svg\" class=\"attachment-large size-large wp-image-3435\" alt=\"\" \/>\t\t\t\t\t\t\t\t<\/a>\n\t\t\t\t\t\t\t\t\t\t\t\t\t\t\t<\/div>\n\t\t\t\t<\/div>\n\t\t\t\t<\/div>\n\t\t\t\t<div class=\"elementor-element elementor-element-a3b1d2c elementor-grid-4 elementor-grid-tablet-3 elementor-grid-laptop-3 elementor-grid-mobile-1 elementor-widget elementor-widget-loop-grid\" data-id=\"a3b1d2c\" data-element_type=\"widget\" data-settings=\"{&quot;template_id&quot;:&quot;2466&quot;,&quot;columns&quot;:4,&quot;row_gap&quot;:{&quot;unit&quot;:&quot;px&quot;,&quot;size&quot;:40,&quot;sizes&quot;:[]},&quot;columns_tablet&quot;:3,&quot;row_gap_tablet&quot;:{&quot;unit&quot;:&quot;px&quot;,&quot;size&quot;:30,&quot;sizes&quot;:[]},&quot;columns_laptop&quot;:3,&quot;_skin&quot;:&quot;post&quot;,&quot;columns_mobile&quot;:&quot;1&quot;,&quot;edit_handle_selector&quot;:&quot;[data-elementor-type=\\&quot;loop-item\\&quot;]&quot;,&quot;row_gap_laptop&quot;:{&quot;unit&quot;:&quot;px&quot;,&quot;size&quot;:&quot;&quot;,&quot;sizes&quot;:[]},&quot;row_gap_mobile&quot;:{&quot;unit&quot;:&quot;px&quot;,&quot;size&quot;:&quot;&quot;,&quot;sizes&quot;:[]}}\" data-no-translation=\"\" data-widget_type=\"loop-grid.post\">\n\t\t\t\t<div class=\"elementor-widget-container\">\n\t\t\t\t\t<style>.elementor-element-a3b1d2c{display:none !important}<\/style>\t\t\t\t<\/div>\n\t\t\t\t<\/div>\n\t\t\t\t<div class=\"elementor-element elementor-element-8caab39 elementor-widget elementor-widget-ucaddon_ue_listing_grid\" data-id=\"8caab39\" data-element_type=\"widget\" data-no-translation=\"\" data-widget_type=\"ucaddon_ue_listing_grid.default\">\n\t\t\t\t<div class=\"elementor-widget-container\">\n\t\t\t\t\t\n<!-- start Loop Grid -->\n<style>\/* widget: Loop Grid *\/\n\n\n\n#uc_ue_listing_grid_elementor_8caab39 {\t\n  \t      display: grid;\n    }\n\n#uc_ue_listing_grid_elementor_8caab39 .ue-grid-item{\n\tbox-sizing: border-box;\n    overflow:hidden;\n    \t\n\n    \n    }\n\n\n\n\n<\/style>\n\n<div class=\"ue-grid uc-items-wrapper uc-dynamic-popup-grid\" id=\"uc_ue_listing_grid_elementor_8caab39\"   data-template-id=\"2466\">\n  <div class=\"ue-grid-item\" data-link=\"https:\/\/pferdeklinik-bargteheide.de\/en\/download\/information-about-surgery\/\" data-postid=\"4618\">\n  <style>.elementor-2466 .elementor-element.elementor-element-a66e24a{--display:flex;--min-height:220px;--justify-content:flex-end;--overlay-opacity:1;--margin-top:0px;--margin-bottom:0px;--margin-left:0px;--margin-right:0px;--padding-top:0px;--padding-bottom:0px;--padding-left:0px;--padding-right:0px;}.elementor-2466 .elementor-element.elementor-element-a66e24a::before, .elementor-2466 .elementor-element.elementor-element-a66e24a > .elementor-background-video-container::before, .elementor-2466 .elementor-element.elementor-element-a66e24a > .e-con-inner > .elementor-background-video-container::before, .elementor-2466 .elementor-element.elementor-element-a66e24a > .elementor-background-slideshow::before, .elementor-2466 .elementor-element.elementor-element-a66e24a > .e-con-inner > .elementor-background-slideshow::before, .elementor-2466 .elementor-element.elementor-element-a66e24a > .elementor-motion-effects-container > .elementor-motion-effects-layer::before{background-color:transparent;--background-overlay:'';background-image:linear-gradient(7deg, var( --e-global-color-accent ) 3%, #3A5E7C00 40%);}.elementor-2466 .elementor-element.elementor-element-a66e24a:hover::before, .elementor-2466 .elementor-element.elementor-element-a66e24a:hover > .elementor-background-video-container::before, .elementor-2466 .elementor-element.elementor-element-a66e24a:hover > .e-con-inner > .elementor-background-video-container::before, .elementor-2466 .elementor-element.elementor-element-a66e24a > .elementor-background-slideshow:hover::before, .elementor-2466 .elementor-element.elementor-element-a66e24a > .e-con-inner > .elementor-background-slideshow:hover::before{background-color:transparent;--background-overlay:'';background-image:linear-gradient(7deg, var( --e-global-color-accent ) 3%, #3A5E7C00 40%);}.elementor-2466 .elementor-element.elementor-element-a66e24a.e-con{--e-con-transform-scale:1;}.elementor-2466 .elementor-element.elementor-element-a66e24a.e-con:hover{--e-con-transform-scale:1.025;}.elementor-2466 .elementor-element.elementor-element-a66e24a:not(.elementor-motion-effects-element-type-background), .elementor-2466 .elementor-element.elementor-element-a66e24a > .elementor-motion-effects-container > .elementor-motion-effects-layer{background-position:top center;background-repeat:no-repeat;background-size:cover;}.elementor-2466 .elementor-element.elementor-element-a66e24a:hover{--overlay-opacity:1;}.elementor-2466 .elementor-element.elementor-element-a66e24a, .elementor-2466 .elementor-element.elementor-element-a66e24a::before{--overlay-transition:0.5s;}.pp-tooltip.pp-tooltip-{{ID}} .pp-tooltip-content{font-family:var( --e-global-typography-accent-font-family ), Sans-serif;font-weight:var( --e-global-typography-accent-font-weight );text-transform:var( --e-global-typography-accent-text-transform );letter-spacing:var( --e-global-typography-accent-letter-spacing );}.elementor-widget-heading .elementor-heading-title{font-family:var( --e-global-typography-primary-font-family ), Sans-serif;font-weight:var( --e-global-typography-primary-font-weight );color:var( --e-global-color-primary );}.elementor-2466 .elementor-element.elementor-element-b7ceeb0 > .elementor-widget-container{margin:25px 25px 20px 23px;padding:0px 0px 0px 0px;}.elementor-2466 .elementor-element.elementor-element-b7ceeb0 .elementor-heading-title{font-family:\"Fira Sans\", Sans-serif;font-size:20px;font-weight:500;line-height:1.3em;text-shadow:0px 0px 30px rgba(58.000000000000064, 94.00000000000017, 124.0000000000001, 0.58);color:var( --e-global-color-bf591a2 );}@media(max-width:1366px){.pp-tooltip.pp-tooltip-{{ID}} .pp-tooltip-content{letter-spacing:var( --e-global-typography-accent-letter-spacing );}}@media(max-width:1024px){.elementor-2466 .elementor-element.elementor-element-a66e24a{--min-height:200px;}.pp-tooltip.pp-tooltip-{{ID}} .pp-tooltip-content{letter-spacing:var( --e-global-typography-accent-letter-spacing );}.elementor-2466 .elementor-element.elementor-element-b7ceeb0 > .elementor-widget-container{margin:0px 18px 14px 18px;}.elementor-2466 .elementor-element.elementor-element-b7ceeb0 .elementor-heading-title{font-size:20px;line-height:1.4em;letter-spacing:-0.1px;}}@media(max-width:767px){.elementor-2466 .elementor-element.elementor-element-a66e24a{--min-height:160px;--padding-top:25px;--padding-bottom:25px;--padding-left:25px;--padding-right:25px;}.elementor-2466 .elementor-element.elementor-element-a66e24a:not(.elementor-motion-effects-element-type-background), .elementor-2466 .elementor-element.elementor-element-a66e24a > .elementor-motion-effects-container > .elementor-motion-effects-layer{background-position:center center;}.pp-tooltip.pp-tooltip-{{ID}} .pp-tooltip-content{letter-spacing:var( --e-global-typography-accent-letter-spacing );}.elementor-2466 .elementor-element.elementor-element-b7ceeb0 > .elementor-widget-container{margin:-7px 0px -7px -3px;}.elementor-2466 .elementor-element.elementor-element-b7ceeb0 .elementor-heading-title{font-size:19px;}}\/* Start custom CSS for container, class: .elementor-element-a66e24a *\/.elementor-2466 .elementor-element.elementor-element-a66e24a {\n    background-size: cover;\n    background-repeat:no-repeat;\n    background-position:center;\n}\/* End custom CSS *\/<\/style>\t\t<div data-elementor-type=\"loop-item\" data-elementor-id=\"2466\" class=\"elementor elementor-2466 uc-post-4618 e-loop-item e-loop-item-4618 post-4618 download type-download status-publish has-post-thumbnail hentry sprache-englisch\" data-elementor-post-type=\"elementor_library\" data-custom-edit-handle=\"1\">\n\t\t\t<style type='text\/css' data-type='dynamic-loop-item'>\n#uc_ue_listing_grid_elementor_8caab39 .uc-post-4618.elementor-2466 .elementor-element.elementor-element-a66e24a:not(.elementor-motion-effects-element-type-background), #uc_ue_listing_grid_elementor_8caab39 .uc-post-4618.elementor-2466 .elementor-element.elementor-element-a66e24a > .elementor-motion-effects-container > .elementor-motion-effects-layer{background-image: url(\"https:\/\/pferdeklinik-bargteheide.de\/wp-content\/uploads\/Surgery-Info-Thumb.webp\");}\n<\/style><a class=\"elementor-element elementor-element-a66e24a e-con-full e-transform e-transform e-flex e-con e-child\" data-id=\"a66e24a\" data-element_type=\"container\" data-settings=\"{&quot;background_background&quot;:&quot;classic&quot;,&quot;_transform_scale_effect&quot;:{&quot;unit&quot;:&quot;px&quot;,&quot;size&quot;:1,&quot;sizes&quot;:[]},&quot;_transform_scale_effect_hover&quot;:{&quot;unit&quot;:&quot;px&quot;,&quot;size&quot;:1.025,&quot;sizes&quot;:[]},&quot;_transform_scale_effect_laptop&quot;:{&quot;unit&quot;:&quot;px&quot;,&quot;size&quot;:&quot;&quot;,&quot;sizes&quot;:[]},&quot;_transform_scale_effect_tablet&quot;:{&quot;unit&quot;:&quot;px&quot;,&quot;size&quot;:&quot;&quot;,&quot;sizes&quot;:[]},&quot;_transform_scale_effect_mobile&quot;:{&quot;unit&quot;:&quot;px&quot;,&quot;size&quot;:&quot;&quot;,&quot;sizes&quot;:[]},&quot;_transform_scale_effect_hover_laptop&quot;:{&quot;unit&quot;:&quot;px&quot;,&quot;size&quot;:&quot;&quot;,&quot;sizes&quot;:[]},&quot;_transform_scale_effect_hover_tablet&quot;:{&quot;unit&quot;:&quot;px&quot;,&quot;size&quot;:&quot;&quot;,&quot;sizes&quot;:[]},&quot;_transform_scale_effect_hover_mobile&quot;:{&quot;unit&quot;:&quot;px&quot;,&quot;size&quot;:&quot;&quot;,&quot;sizes&quot;:[]}}\" href=\"https:\/\/pferdeklinik-bargteheide.de\/wp-content\/uploads\/Information-about-Surgery-1.pdf\" target=\"_blank\">\n\t\t\t\t<div class=\"elementor-element elementor-element-b7ceeb0 animated-fast elementor-invisible elementor-widget elementor-widget-heading\" data-id=\"b7ceeb0\" data-element_type=\"widget\" data-settings=\"{&quot;_animation&quot;:&quot;fadeIn&quot;,&quot;_animation_delay&quot;:100,&quot;_animation_mobile&quot;:&quot;none&quot;}\" data-widget_type=\"heading.default\">\n\t\t\t\t<div class=\"elementor-widget-container\">\n\t\t\t\t\t<h2 class=\"elementor-heading-title elementor-size-default\">Information about Surgery<\/h2>\t\t\t\t<\/div>\n\t\t\t\t<\/div>\n\t\t\t\t<\/a>\n\t\t\t\t<\/div>\n\t\t\n<\/div>\n<div class=\"ue-grid-item\" data-link=\"https:\/\/pferdeklinik-bargteheide.de\/en\/download\/registration-form\/\" data-postid=\"2484\">\n  <style>.elementor-2466 .elementor-element.elementor-element-a66e24a{--display:flex;--min-height:220px;--justify-content:flex-end;--overlay-opacity:1;--margin-top:0px;--margin-bottom:0px;--margin-left:0px;--margin-right:0px;--padding-top:0px;--padding-bottom:0px;--padding-left:0px;--padding-right:0px;}.elementor-2466 .elementor-element.elementor-element-a66e24a::before, .elementor-2466 .elementor-element.elementor-element-a66e24a > .elementor-background-video-container::before, .elementor-2466 .elementor-element.elementor-element-a66e24a > .e-con-inner > .elementor-background-video-container::before, .elementor-2466 .elementor-element.elementor-element-a66e24a > .elementor-background-slideshow::before, .elementor-2466 .elementor-element.elementor-element-a66e24a > .e-con-inner > .elementor-background-slideshow::before, .elementor-2466 .elementor-element.elementor-element-a66e24a > .elementor-motion-effects-container > .elementor-motion-effects-layer::before{background-color:transparent;--background-overlay:'';background-image:linear-gradient(7deg, var( --e-global-color-accent ) 3%, #3A5E7C00 40%);}.elementor-2466 .elementor-element.elementor-element-a66e24a:hover::before, .elementor-2466 .elementor-element.elementor-element-a66e24a:hover > .elementor-background-video-container::before, .elementor-2466 .elementor-element.elementor-element-a66e24a:hover > .e-con-inner > .elementor-background-video-container::before, .elementor-2466 .elementor-element.elementor-element-a66e24a > .elementor-background-slideshow:hover::before, .elementor-2466 .elementor-element.elementor-element-a66e24a > .e-con-inner > .elementor-background-slideshow:hover::before{background-color:transparent;--background-overlay:'';background-image:linear-gradient(7deg, var( --e-global-color-accent ) 3%, #3A5E7C00 40%);}.elementor-2466 .elementor-element.elementor-element-a66e24a.e-con{--e-con-transform-scale:1;}.elementor-2466 .elementor-element.elementor-element-a66e24a.e-con:hover{--e-con-transform-scale:1.025;}.elementor-2466 .elementor-element.elementor-element-a66e24a:not(.elementor-motion-effects-element-type-background), .elementor-2466 .elementor-element.elementor-element-a66e24a > .elementor-motion-effects-container > .elementor-motion-effects-layer{background-position:top center;background-repeat:no-repeat;background-size:cover;}.elementor-2466 .elementor-element.elementor-element-a66e24a:hover{--overlay-opacity:1;}.elementor-2466 .elementor-element.elementor-element-a66e24a, .elementor-2466 .elementor-element.elementor-element-a66e24a::before{--overlay-transition:0.5s;}.pp-tooltip.pp-tooltip-{{ID}} .pp-tooltip-content{font-family:var( --e-global-typography-accent-font-family ), Sans-serif;font-weight:var( --e-global-typography-accent-font-weight );text-transform:var( --e-global-typography-accent-text-transform );letter-spacing:var( --e-global-typography-accent-letter-spacing );}.elementor-widget-heading .elementor-heading-title{font-family:var( --e-global-typography-primary-font-family ), Sans-serif;font-weight:var( --e-global-typography-primary-font-weight );color:var( --e-global-color-primary );}.elementor-2466 .elementor-element.elementor-element-b7ceeb0 > .elementor-widget-container{margin:25px 25px 20px 23px;padding:0px 0px 0px 0px;}.elementor-2466 .elementor-element.elementor-element-b7ceeb0 .elementor-heading-title{font-family:\"Fira Sans\", Sans-serif;font-size:20px;font-weight:500;line-height:1.3em;text-shadow:0px 0px 30px rgba(58.000000000000064, 94.00000000000017, 124.0000000000001, 0.58);color:var( --e-global-color-bf591a2 );}@media(max-width:1366px){.pp-tooltip.pp-tooltip-{{ID}} .pp-tooltip-content{letter-spacing:var( --e-global-typography-accent-letter-spacing );}}@media(max-width:1024px){.elementor-2466 .elementor-element.elementor-element-a66e24a{--min-height:200px;}.pp-tooltip.pp-tooltip-{{ID}} .pp-tooltip-content{letter-spacing:var( --e-global-typography-accent-letter-spacing );}.elementor-2466 .elementor-element.elementor-element-b7ceeb0 > .elementor-widget-container{margin:0px 18px 14px 18px;}.elementor-2466 .elementor-element.elementor-element-b7ceeb0 .elementor-heading-title{font-size:20px;line-height:1.4em;letter-spacing:-0.1px;}}@media(max-width:767px){.elementor-2466 .elementor-element.elementor-element-a66e24a{--min-height:160px;--padding-top:25px;--padding-bottom:25px;--padding-left:25px;--padding-right:25px;}.elementor-2466 .elementor-element.elementor-element-a66e24a:not(.elementor-motion-effects-element-type-background), .elementor-2466 .elementor-element.elementor-element-a66e24a > .elementor-motion-effects-container > .elementor-motion-effects-layer{background-position:center center;}.pp-tooltip.pp-tooltip-{{ID}} .pp-tooltip-content{letter-spacing:var( --e-global-typography-accent-letter-spacing );}.elementor-2466 .elementor-element.elementor-element-b7ceeb0 > .elementor-widget-container{margin:-7px 0px -7px -3px;}.elementor-2466 .elementor-element.elementor-element-b7ceeb0 .elementor-heading-title{font-size:19px;}}\/* Start custom CSS for container, class: .elementor-element-a66e24a *\/.elementor-2466 .elementor-element.elementor-element-a66e24a {\n    background-size: cover;\n    background-repeat:no-repeat;\n    background-position:center;\n}\/* End custom CSS *\/<\/style>\t\t<div data-elementor-type=\"loop-item\" data-elementor-id=\"2466\" class=\"elementor elementor-2466 uc-post-2484 e-loop-item e-loop-item-2484 post-2484 download type-download status-publish has-post-thumbnail hentry sprache-englisch\" data-elementor-post-type=\"elementor_library\" data-custom-edit-handle=\"1\">\n\t\t\t<style type='text\/css' data-type='dynamic-loop-item'>\n#uc_ue_listing_grid_elementor_8caab39 .uc-post-2484.elementor-2466 .elementor-element.elementor-element-a66e24a:not(.elementor-motion-effects-element-type-background), #uc_ue_listing_grid_elementor_8caab39 .uc-post-2484.elementor-2466 .elementor-element.elementor-element-a66e24a > .elementor-motion-effects-container > .elementor-motion-effects-layer{background-image: url(\"https:\/\/pferdeklinik-bargteheide.de\/wp-content\/uploads\/Order-Form-Thumb.webp\");}\n<\/style><a class=\"elementor-element elementor-element-a66e24a e-con-full e-transform e-transform e-flex e-con e-child\" data-id=\"a66e24a\" data-element_type=\"container\" data-settings=\"{&quot;background_background&quot;:&quot;classic&quot;,&quot;_transform_scale_effect&quot;:{&quot;unit&quot;:&quot;px&quot;,&quot;size&quot;:1,&quot;sizes&quot;:[]},&quot;_transform_scale_effect_hover&quot;:{&quot;unit&quot;:&quot;px&quot;,&quot;size&quot;:1.025,&quot;sizes&quot;:[]},&quot;_transform_scale_effect_laptop&quot;:{&quot;unit&quot;:&quot;px&quot;,&quot;size&quot;:&quot;&quot;,&quot;sizes&quot;:[]},&quot;_transform_scale_effect_tablet&quot;:{&quot;unit&quot;:&quot;px&quot;,&quot;size&quot;:&quot;&quot;,&quot;sizes&quot;:[]},&quot;_transform_scale_effect_mobile&quot;:{&quot;unit&quot;:&quot;px&quot;,&quot;size&quot;:&quot;&quot;,&quot;sizes&quot;:[]},&quot;_transform_scale_effect_hover_laptop&quot;:{&quot;unit&quot;:&quot;px&quot;,&quot;size&quot;:&quot;&quot;,&quot;sizes&quot;:[]},&quot;_transform_scale_effect_hover_tablet&quot;:{&quot;unit&quot;:&quot;px&quot;,&quot;size&quot;:&quot;&quot;,&quot;sizes&quot;:[]},&quot;_transform_scale_effect_hover_mobile&quot;:{&quot;unit&quot;:&quot;px&quot;,&quot;size&quot;:&quot;&quot;,&quot;sizes&quot;:[]}}\" href=\"https:\/\/pferdeklinik-bargteheide.de\/wp-content\/uploads\/Registration-form-Pferdeklinik-Bargteheide.pdf\" target=\"_blank\">\n\t\t\t\t<div class=\"elementor-element elementor-element-b7ceeb0 animated-fast elementor-invisible elementor-widget elementor-widget-heading\" data-id=\"b7ceeb0\" data-element_type=\"widget\" data-settings=\"{&quot;_animation&quot;:&quot;fadeIn&quot;,&quot;_animation_delay&quot;:100,&quot;_animation_mobile&quot;:&quot;none&quot;}\" data-widget_type=\"heading.default\">\n\t\t\t\t<div class=\"elementor-widget-container\">\n\t\t\t\t\t<h2 class=\"elementor-heading-title elementor-size-default\">Registration form<\/h2>\t\t\t\t<\/div>\n\t\t\t\t<\/div>\n\t\t\t\t<\/a>\n\t\t\t\t<\/div>\n\t\t\n<\/div>\n\n<\/div>\n\n\n<!-- end Loop Grid -->\t\t\t\t<\/div>\n\t\t\t\t<\/div>\n\t\t\t\t\t<\/div>\n\t\t\t\t<\/div>\n\t\t\t\t<\/div>","protected":false},"excerpt":{"rendered":"<p>Wir m\u00f6chten Ihnen die M\u00f6glichkeit geben, sich in Ruhe vor Ihrem Besuch in der Pferdeklinik Bargteheide die f\u00fcr Ihren Termin notwendigen Formulare durchzulesen. Sie k\u00f6nnen die Formulare im Vorwege ausgef\u00fcllt an uns faxen (04532 \/ 28 53 50), per E-Mail an info@pferdeklinik-bargteheide.de senden, sowie zu Ihrem Termin mitbringen. Bitte beachten Sie, dass Sie zu jedem [&hellip;]<\/p>","protected":false},"author":1,"featured_media":2382,"parent":0,"menu_order":0,"comment_status":"closed","ping_status":"closed","template":"elementor_header_footer","meta":{"_acf_changed":false,"footnotes":""},"class_list":["post-897","page","type-page","status-publish","has-post-thumbnail","hentry"],"acf":[],"_links":{"self":[{"href":"https:\/\/pferdeklinik-bargteheide.de\/en\/wp-json\/wp\/v2\/pages\/897","targetHints":{"allow":["GET"]}}],"collection":[{"href":"https:\/\/pferdeklinik-bargteheide.de\/en\/wp-json\/wp\/v2\/pages"}],"about":[{"href":"https:\/\/pferdeklinik-bargteheide.de\/en\/wp-json\/wp\/v2\/types\/page"}],"author":[{"embeddable":true,"href":"https:\/\/pferdeklinik-bargteheide.de\/en\/wp-json\/wp\/v2\/users\/1"}],"replies":[{"embeddable":true,"href":"https:\/\/pferdeklinik-bargteheide.de\/en\/wp-json\/wp\/v2\/comments?post=897"}],"version-history":[{"count":27,"href":"https:\/\/pferdeklinik-bargteheide.de\/en\/wp-json\/wp\/v2\/pages\/897\/revisions"}],"predecessor-version":[{"id":4617,"href":"https:\/\/pferdeklinik-bargteheide.de\/en\/wp-json\/wp\/v2\/pages\/897\/revisions\/4617"}],"wp:featuredmedia":[{"embeddable":true,"href":"https:\/\/pferdeklinik-bargteheide.de\/en\/wp-json\/wp\/v2\/media\/2382"}],"wp:attachment":[{"href":"https:\/\/pferdeklinik-bargteheide.de\/en\/wp-json\/wp\/v2\/media?parent=897"}],"curies":[{"name":"wp","href":"https:\/\/api.w.org\/{rel}","templated":true}]}}